{"id":716,"date":"2022-07-02T19:11:49","date_gmt":"2022-07-02T17:11:49","guid":{"rendered":"https:\/\/www.mx-avantura.com\/guestbook\/"},"modified":"2022-07-18T16:46:21","modified_gmt":"2022-07-18T14:46:21","slug":"guestbook","status":"publish","type":"page","link":"https:\/\/www.mx-avantura.com\/en\/guestbook\/","title":{"rendered":"Guestbook"},"content":{"rendered":"\t\t<div data-elementor-type=\"wp-page\" data-elementor-id=\"716\" class=\"elementor elementor-716 elementor-71\">\n\t\t\t\t\t\t<section class=\"elementor-section elementor-top-section elementor-element elementor-element-f0601ef elementor-section-boxed elementor-section-height-default elementor-section-height-default\" data-id=\"f0601ef\" data-element_type=\"section\">\n\t\t\t\t\t\t<div class=\"elementor-container elementor-column-gap-default\">\n\t\t\t\t\t<div class=\"elementor-column elementor-col-100 elementor-top-column elementor-element elementor-element-a8b8072\" data-id=\"a8b8072\" data-element_type=\"column\">\n\t\t\t<div class=\"elementor-widget-wrap elementor-element-populated\">\n\t\t\t\t\t\t<div class=\"elementor-element elementor-element-b16cbdd elementor-widget elementor-widget-text-editor\" data-id=\"b16cbdd\" data-element_type=\"widget\" data-widget_type=\"text-editor.default\">\n\t\t\t\t<div class=\"elementor-widget-container\">\n\t\t\t\t\t\t\t\t\t<p><div class=\"gwolle-gb\"><div class=\"gwolle_gb_messages_top_container gwolle-gb-messages-top-container\"><\/div>\n\t\t\t<div class=\"gwolle-gb-write-button\">\n\t\t\t\t<input type=\"button\" name=\"gwolle-gb-write-button\" class=\"button btn btn-default \" value=\"Write a new entry.\" aria-expanded=\"false\" \/>\n\t\t\t<\/div>\n\t\t\t<form action=\"#\" method=\"POST\" class=\"gwolle-gb-write gwolle-gb-hide gwolle-gb-float gwolle_gb_form_ajax gwolle-gb-form-ajax gwolle-gb-ajax gwolle-gb-not-logged-in\">\n\t\t\t\t<h3>Einen neuen Eintrag f\u00fcr das G\u00e4stebuch schreiben<\/h3>\n\t\t\t\t<button type=\"button\" class=\"gb-notice-dismiss\">x<span class=\"screen-reader-text\">Hide this form.<\/span><\/button>\n\t\t\t\n\t\t\t\t<input type=\"hidden\" name=\"gwolle_gb_function\" class=\"gwolle_gb_function\" value=\"add_entry\" \/><input type=\"hidden\" name=\"gwolle_gb_book_id\" class=\"gwolle_gb_book_id\" value=\"1\" \/><div class=\"gwolle_gb_8ef22a2674a43cc205cddc92fa5507f4\">\n\t\t\t\t<div class=\"label\"><label for=\"gwolle_gb_8ef22a2674a43cc205cddc92fa5507f4-1\" class=\"text-info\">Name <span class=\"required\">*<\/span><\/label><\/div>\n\t\t\t\t<div class=\"input\"><input class=\"wp-exclude-emoji gwolle_gb_8ef22a2674a43cc205cddc92fa5507f4\" value=\"\" type=\"text\" id=\"gwolle_gb_8ef22a2674a43cc205cddc92fa5507f4-1\" name=\"gwolle_gb_8ef22a2674a43cc205cddc92fa5507f4\" required \/><\/div>\n\t\t\t\t<div class=\"clearBoth\">&nbsp;<\/div>\n\t\t\t<\/div>\n\t\t\t<div class=\"gwolle_gb_3b4f554861064ccbd9572f61403fdf6e\" style=\"display:none;overflow:hidden;\" hidden=\"true\" aria-hidden=\"true\">\n\t\t\t\t<div class=\"label\">\n\t\t\t\t\t<label for=\"gwolle_gb_3b4f554861064ccbd9572f61403fdf6e-1\" class=\"text-primary\">Do not touch this<\/label>\n\t\t\t\t\t<label for=\"gwolle_gb_c0a9d9b0e49d1288ebf161f2af24c7b0-1\" class=\"text-primary\">Do not touch this<\/label>\n\t\t\t\t<\/div>\n\t\t\t\t<div class=\"input\">\n\t\t\t\t\t<input value=\"7\" type=\"text\" id=\"gwolle_gb_3b4f554861064ccbd9572f61403fdf6e-1\" name=\"gwolle_gb_3b4f554861064ccbd9572f61403fdf6e\" class=\"gwolle_gb_3b4f554861064ccbd9572f61403fdf6e\" style=\"transform: translateY(10000px);\" \/>\n\t\t\t\t\t<input value=\"\" type=\"text\" name=\"gwolle_gb_c0a9d9b0e49d1288ebf161f2af24c7b0\" id=\"gwolle_gb_c0a9d9b0e49d1288ebf161f2af24c7b0-1\" class=\"gwolle_gb_c0a9d9b0e49d1288ebf161f2af24c7b0\" style=\"transform: translateY(10000px);\" \/>\n\t\t\t\t<\/div>\n\t\t\t\t<div class=\"clearBoth\"><\/div>\n\t\t\t<\/div>\n\t\t\t<div class=\"gwolle_gb_8504a0a52cf6b3544bc88e84b0f9e771\" style=\"display:none;overflow:hidden;\" hidden=\"true\" aria-hidden=\"true\">\n\t\t\t\t<div class=\"label\">\n\t\t\t\t\t<label for=\"gwolle_gb_8504a0a52cf6b3544bc88e84b0f9e771-1\" class=\"text-primary\">Do not touch this<\/label>\n\t\t\t\t\t<label for=\"gwolle_gb_eb5c4fd49abaa3afa752bdfd04aa5ebd-1\" class=\"text-primary\">Do not touch this<\/label>\n\t\t\t\t<\/div>\n\t\t\t\t<div class=\"input\">\n\t\t\t\t\t<input value=\"30785\" type=\"text\" id=\"gwolle_gb_8504a0a52cf6b3544bc88e84b0f9e771-1\" name=\"gwolle_gb_8504a0a52cf6b3544bc88e84b0f9e771\" class=\"gwolle_gb_8504a0a52cf6b3544bc88e84b0f9e771\" style=\"transform: translateY(10000px);\" \/>\n\t\t\t\t\t<input value=\"30785\" type=\"text\"id=\"gwolle_gb_eb5c4fd49abaa3afa752bdfd04aa5ebd-1\" name=\"gwolle_gb_eb5c4fd49abaa3afa752bdfd04aa5ebd\" class=\"gwolle_gb_eb5c4fd49abaa3afa752bdfd04aa5ebd\" style=\"transform: translateY(10000px);\" \/>\n\t\t\t\t<\/div>\n\t\t\t\t<div class=\"clearBoth\"><\/div>\n\t\t\t<\/div><div class=\"gwolle_gb_content\">\n\t\t\t\t<div class=\"label\"><label for=\"gwolle_gb_content-1\" class=\"text-info\">Guestbook entry <span class=\"required\">*<\/span><\/label><\/div>\n\t\t\t\t<div class=\"input\"><textarea id=\"gwolle_gb_content-1\" name=\"gwolle_gb_content\" class=\"gwolle_gb_content wp-exclude-emoji\" required ><\/textarea><\/div>\n\t\t\t\t\t<div class=\"clearBoth\">&nbsp;<\/div>\n\t\t\t\t<\/div><input type=\"hidden\" class=\"gwolle_gb_39489200d14327a7e28946cf93210bd0\" id=\"gwolle_gb_39489200d14327a7e28946cf93210bd0-1\" name=\"gwolle_gb_39489200d14327a7e28946cf93210bd0\" value=\"bf7d93183d\" \/>\n\t\t\t<div class=\"gwolle_gb_messages_bottom_container gwolle-gb-messages-bottom-container\"><\/div>\n\n\t\t\t<noscript><div class=\"no-js\">Warning: This form can only be used if JavaScript is enabled in your browser.<\/div><\/noscript>\n\n\t\t\t<div class=\"gwolle_gb_submit\">\n\t\t\t\t<div class=\"label gwolle-gb-invisible text-muted\">&nbsp;<\/div>\n\t\t\t\t<div class=\"input\">\n\t\t\t\t\t<input type=\"submit\" name=\"gwolle_gb_submit\" class=\"gwolle_gb_submit button btn btn-primary \" value=\"Submit\" \/>\n\t\t\t\t\t<span class=\"gwolle_gb_submit_ajax_icon\"><\/span>\n\t\t\t\n\t\t\t\t<\/div>\n\t\t\t\t<div class=\"clearBoth\">&nbsp;<\/div>\n\t\t\t<\/div>\n\n\t\t\t<div class=\"gwolle_gb_notice\">\n\t\t\t\tEs ist m\u00f6glich, dass dein Eintrag im G\u00e4stebuch erst sichtbar ist, nachdem wir ihn \u00fcberpr\u00fcft haben.<br \/>\r\nWir behalten uns vor, Eintr\u00e4ge zu bearbeiten, zu l\u00f6schen oder nicht zu ver\u00f6ffentlichen.\n\t\t\t<\/div><\/form><div class=\"gwolle-gb-read gwolle-gb-ajax gwolle-gb-entries-list\" data-book_id=\"1\" data-page_id=\"1\">\n\t\t<div id=\"gwolle-gb-total\" class=\"gwolle-gb-total\">2 entries.<\/div><!-- Gwolle-GB Entry: Default Template Loaded -->\n\t\t\t\t<div class=\"gb-entry gb-entry_4 gb-entry-count_1 gwolle_gb_uneven gwolle-gb-uneven gwolle-gb-first\" id=\"gb-entry_4\" data-entry_id=\"4\">\n\t\t\t\t<article>\n\t\t\t\t\t<div class=\"gb-author-info\">\n\t\t\t\t\t\t<span class=\"gb-author-name\">Harald\n\t\t\t\t\t\t<\/span>\n\t\t\t\t\t\t<span class=\"gb-datetime\">\n\t\t\t\t\t\t\t<span class=\"gb-date\"><span class=\"gb-date-wrote-text\"> wrote on<\/span><span class=\"gb-date-text\"> 7. January 2023<\/span>\n\t\t\t\t\t\t\t<\/span><span class=\"gb-time\">\n\t\t\t\t\t\t\t\t\t<span class=\"gb-time-at-text\"> at<\/span>\n\t\t\t\t\t\t\t\t\t<span class=\"gb-time-text\"> 10:08<\/span>\n\t\t\t\t\t\t\t\t<\/span>\n\t\t\t\t\t\t<\/span> \n\t\t\t\t\t<\/div>\n\t\t\t\t\t<div class=\"gb-entry-content\">Super Tour, tolle Organisation, sch\u00f6ne Unerkunft!\n\t\t\t\t\t<\/div>\n\t\t\t\t<\/article>\n\t\t\t<\/div>\n\t\t\t<div class=\"gb-entry gb-entry_3 gb-entry-count_2 gwolle_gb_even gwolle-gb-even\" id=\"gb-entry_3\" data-entry_id=\"3\">\n\t\t\t\t<article>\n\t\t\t\t\t<div class=\"gb-author-info\">\n\t\t\t\t\t\t<span class=\"gb-author-name\"><i class=\"gb-moderator\">Raphael<\/i>\n\t\t\t\t\t\t<\/span>\n\t\t\t\t\t\t<span class=\"gb-datetime\">\n\t\t\t\t\t\t\t<span class=\"gb-date\"><span class=\"gb-date-wrote-text\"> wrote on<\/span><span class=\"gb-date-text\"> 18. July 2022<\/span>\n\t\t\t\t\t\t\t<\/span><span class=\"gb-time\">\n\t\t\t\t\t\t\t\t\t<span class=\"gb-time-at-text\"> at<\/span>\n\t\t\t\t\t\t\t\t\t<span class=\"gb-time-text\"> 19:38<\/span>\n\t\t\t\t\t\t\t\t<\/span>\n\t\t\t\t\t\t<\/span> \n\t\t\t\t\t<\/div>\n\t\t\t\t\t<div class=\"gb-entry-content\">Super Enduro-Tour. Sehr zu empfehlen.<br \/>\r\n<br \/>\r\nSuper Enduro tour. Highly recommended.\n\t\t\t\t\t<\/div>\n\t\t\t\t<\/article>\n\t\t\t<\/div>\n\t\t\t<\/div><\/div><\/p>\t\t\t\t\t\t\t\t<\/div>\n\t\t\t\t<\/div>\n\t\t\t\t\t<\/div>\n\t\t<\/div>\n\t\t\t\t\t<\/div>\n\t\t<\/section>\n\t\t\t\t<\/div>\n\t\t","protected":false},"excerpt":{"rendered":"","protected":false},"author":1,"featured_media":0,"parent":0,"menu_order":0,"comment_status":"closed","ping_status":"closed","template":"","meta":{"ocean_post_layout":"full-screen","ocean_both_sidebars_style":"","ocean_both_sidebars_content_width":0,"ocean_both_sidebars_sidebars_width":0,"ocean_sidebar":"0","ocean_second_sidebar":"0","ocean_disable_margins":"enable","ocean_add_body_class":"","ocean_shortcode_before_top_bar":"","ocean_shortcode_after_top_bar":"","ocean_shortcode_before_header":"","ocean_shortcode_after_header":"","ocean_has_shortcode":"","ocean_shortcode_after_title":"","ocean_shortcode_before_footer_widgets":"","ocean_shortcode_after_footer_widgets":"","ocean_shortcode_before_footer_bottom":"","ocean_shortcode_after_footer_bottom":"","ocean_display_top_bar":"default","ocean_display_header":"default","ocean_header_style":"","ocean_center_header_left_menu":"0","ocean_custom_header_template":"0","ocean_custom_logo":0,"ocean_custom_retina_logo":0,"ocean_custom_logo_max_width":0,"ocean_custom_logo_tablet_max_width":0,"ocean_custom_logo_mobile_max_width":0,"ocean_custom_logo_max_height":0,"ocean_custom_logo_tablet_max_height":0,"ocean_custom_logo_mobile_max_height":0,"ocean_header_custom_menu":"0","ocean_menu_typo_font_family":"0","ocean_menu_typo_font_subset":"","ocean_menu_typo_font_size":0,"ocean_menu_typo_font_size_tablet":0,"ocean_menu_typo_font_size_mobile":0,"ocean_menu_typo_font_size_unit":"px","ocean_menu_typo_font_weight":"","ocean_menu_typo_font_weight_tablet":"","ocean_menu_typo_font_weight_mobile":"","ocean_menu_typo_transform":"","ocean_menu_typo_transform_tablet":"","ocean_menu_typo_transform_mobile":"","ocean_menu_typo_line_height":0,"ocean_menu_typo_line_height_tablet":0,"ocean_menu_typo_line_height_mobile":0,"ocean_menu_typo_line_height_unit":"","ocean_menu_typo_spacing":0,"ocean_menu_typo_spacing_tablet":0,"ocean_menu_typo_spacing_mobile":0,"ocean_menu_typo_spacing_unit":"","ocean_menu_link_color":"","ocean_menu_link_color_hover":"","ocean_menu_link_color_active":"","ocean_menu_link_background":"","ocean_menu_link_hover_background":"","ocean_menu_link_active_background":"","ocean_menu_social_links_bg":"","ocean_menu_social_hover_links_bg":"","ocean_menu_social_links_color":"","ocean_menu_social_hover_links_color":"","ocean_disable_title":"on","ocean_disable_heading":"default","ocean_post_title":"","ocean_post_subheading":"","ocean_post_title_style":"","ocean_post_title_background_color":"","ocean_post_title_background":0,"ocean_post_title_bg_image_position":"","ocean_post_title_bg_image_attachment":"","ocean_post_title_bg_image_repeat":"","ocean_post_title_bg_image_size":"","ocean_post_title_height":0,"ocean_post_title_bg_overlay":0.5,"ocean_post_title_bg_overlay_color":"","ocean_disable_breadcrumbs":"default","ocean_breadcrumbs_color":"","ocean_breadcrumbs_separator_color":"","ocean_breadcrumbs_links_color":"","ocean_breadcrumbs_links_hover_color":"","ocean_display_footer_widgets":"default","ocean_display_footer_bottom":"default","ocean_custom_footer_template":"0","footnotes":""},"class_list":["post-716","page","type-page","status-publish","hentry","entry","owp-thumbs-layout-horizontal","owp-btn-normal","owp-tabs-layout-horizontal","has-no-thumbnails","has-product-nav"],"yoast_head":"<!-- This site is optimized with the Yoast SEO plugin v27.5 - https:\/\/yoast.com\/product\/yoast-seo-wordpress\/ -->\n<title>Guestbook - mx-avantura<\/title>\n<meta name=\"robots\" content=\"index, follow, max-snippet:-1, max-image-preview:large, max-video-preview:-1\" \/>\n<link rel=\"canonical\" href=\"https:\/\/www.mx-avantura.com\/en\/guestbook\/\" \/>\n<meta property=\"og:locale\" content=\"en_US\" \/>\n<meta property=\"og:type\" content=\"article\" \/>\n<meta property=\"og:title\" content=\"Guestbook - mx-avantura\" \/>\n<meta property=\"og:url\" content=\"https:\/\/www.mx-avantura.com\/en\/guestbook\/\" \/>\n<meta property=\"og:site_name\" content=\"mx-avantura\" \/>\n<meta property=\"article:publisher\" content=\"https:\/\/de-de.facebook.com\/enduromxavantura\/\" \/>\n<meta property=\"article:modified_time\" content=\"2022-07-18T14:46:21+00:00\" \/>\n<meta name=\"twitter:card\" content=\"summary_large_image\" \/>\n<meta name=\"twitter:site\" content=\"@MxAvantura\" \/>\n<script type=\"application\/ld+json\" class=\"yoast-schema-graph\">{\"@context\":\"https:\\\/\\\/schema.org\",\"@graph\":[{\"@type\":\"WebPage\",\"@id\":\"https:\\\/\\\/www.mx-avantura.com\\\/en\\\/guestbook\\\/\",\"url\":\"https:\\\/\\\/www.mx-avantura.com\\\/en\\\/guestbook\\\/\",\"name\":\"Guestbook - mx-avantura\",\"isPartOf\":{\"@id\":\"https:\\\/\\\/www.mx-avantura.com\\\/#website\"},\"datePublished\":\"2022-07-02T17:11:49+00:00\",\"dateModified\":\"2022-07-18T14:46:21+00:00\",\"breadcrumb\":{\"@id\":\"https:\\\/\\\/www.mx-avantura.com\\\/en\\\/guestbook\\\/#breadcrumb\"},\"inLanguage\":\"en-US\",\"potentialAction\":[{\"@type\":\"ReadAction\",\"target\":[\"https:\\\/\\\/www.mx-avantura.com\\\/en\\\/guestbook\\\/\"]}]},{\"@type\":\"BreadcrumbList\",\"@id\":\"https:\\\/\\\/www.mx-avantura.com\\\/en\\\/guestbook\\\/#breadcrumb\",\"itemListElement\":[{\"@type\":\"ListItem\",\"position\":1,\"name\":\"Startseite\",\"item\":\"https:\\\/\\\/www.mx-avantura.com\\\/\"},{\"@type\":\"ListItem\",\"position\":2,\"name\":\"Guestbook\"}]},{\"@type\":\"WebSite\",\"@id\":\"https:\\\/\\\/www.mx-avantura.com\\\/#website\",\"url\":\"https:\\\/\\\/www.mx-avantura.com\\\/\",\"name\":\"mx-avantura\",\"description\":\"Enduro Bosnies\",\"publisher\":{\"@id\":\"https:\\\/\\\/www.mx-avantura.com\\\/#organization\"},\"potentialAction\":[{\"@type\":\"SearchAction\",\"target\":{\"@type\":\"EntryPoint\",\"urlTemplate\":\"https:\\\/\\\/www.mx-avantura.com\\\/?s={search_term_string}\"},\"query-input\":{\"@type\":\"PropertyValueSpecification\",\"valueRequired\":true,\"valueName\":\"search_term_string\"}}],\"inLanguage\":\"en-US\"},{\"@type\":\"Organization\",\"@id\":\"https:\\\/\\\/www.mx-avantura.com\\\/#organization\",\"name\":\"mx-avantura\",\"url\":\"https:\\\/\\\/www.mx-avantura.com\\\/\",\"logo\":{\"@type\":\"ImageObject\",\"inLanguage\":\"en-US\",\"@id\":\"https:\\\/\\\/www.mx-avantura.com\\\/#\\\/schema\\\/logo\\\/image\\\/\",\"url\":\"https:\\\/\\\/www.mx-avantura.com\\\/wp-content\\\/uploads\\\/2022\\\/07\\\/cropped-cropped-mx-avantura-logo.png\",\"contentUrl\":\"https:\\\/\\\/www.mx-avantura.com\\\/wp-content\\\/uploads\\\/2022\\\/07\\\/cropped-cropped-mx-avantura-logo.png\",\"width\":900,\"height\":400,\"caption\":\"mx-avantura\"},\"image\":{\"@id\":\"https:\\\/\\\/www.mx-avantura.com\\\/#\\\/schema\\\/logo\\\/image\\\/\"},\"sameAs\":[\"https:\\\/\\\/de-de.facebook.com\\\/enduromxavantura\\\/\",\"https:\\\/\\\/x.com\\\/MxAvantura\",\"https:\\\/\\\/www.instagram.com\\\/mxavantura\\\/\",\"https:\\\/\\\/www.youtube.com\\\/c\\\/Mx-avantura\"]}]}<\/script>\n<!-- \/ Yoast SEO plugin. -->","yoast_head_json":{"title":"Guestbook - mx-avantura","robots":{"index":"index","follow":"follow","max-snippet":"max-snippet:-1","max-image-preview":"max-image-preview:large","max-video-preview":"max-video-preview:-1"},"canonical":"https:\/\/www.mx-avantura.com\/en\/guestbook\/","og_locale":"en_US","og_type":"article","og_title":"Guestbook - mx-avantura","og_url":"https:\/\/www.mx-avantura.com\/en\/guestbook\/","og_site_name":"mx-avantura","article_publisher":"https:\/\/de-de.facebook.com\/enduromxavantura\/","article_modified_time":"2022-07-18T14:46:21+00:00","twitter_card":"summary_large_image","twitter_site":"@MxAvantura","schema":{"@context":"https:\/\/schema.org","@graph":[{"@type":"WebPage","@id":"https:\/\/www.mx-avantura.com\/en\/guestbook\/","url":"https:\/\/www.mx-avantura.com\/en\/guestbook\/","name":"Guestbook - mx-avantura","isPartOf":{"@id":"https:\/\/www.mx-avantura.com\/#website"},"datePublished":"2022-07-02T17:11:49+00:00","dateModified":"2022-07-18T14:46:21+00:00","breadcrumb":{"@id":"https:\/\/www.mx-avantura.com\/en\/guestbook\/#breadcrumb"},"inLanguage":"en-US","potentialAction":[{"@type":"ReadAction","target":["https:\/\/www.mx-avantura.com\/en\/guestbook\/"]}]},{"@type":"BreadcrumbList","@id":"https:\/\/www.mx-avantura.com\/en\/guestbook\/#breadcrumb","itemListElement":[{"@type":"ListItem","position":1,"name":"Startseite","item":"https:\/\/www.mx-avantura.com\/"},{"@type":"ListItem","position":2,"name":"Guestbook"}]},{"@type":"WebSite","@id":"https:\/\/www.mx-avantura.com\/#website","url":"https:\/\/www.mx-avantura.com\/","name":"mx-avantura","description":"Enduro Bosnies","publisher":{"@id":"https:\/\/www.mx-avantura.com\/#organization"},"potentialAction":[{"@type":"SearchAction","target":{"@type":"EntryPoint","urlTemplate":"https:\/\/www.mx-avantura.com\/?s={search_term_string}"},"query-input":{"@type":"PropertyValueSpecification","valueRequired":true,"valueName":"search_term_string"}}],"inLanguage":"en-US"},{"@type":"Organization","@id":"https:\/\/www.mx-avantura.com\/#organization","name":"mx-avantura","url":"https:\/\/www.mx-avantura.com\/","logo":{"@type":"ImageObject","inLanguage":"en-US","@id":"https:\/\/www.mx-avantura.com\/#\/schema\/logo\/image\/","url":"https:\/\/www.mx-avantura.com\/wp-content\/uploads\/2022\/07\/cropped-cropped-mx-avantura-logo.png","contentUrl":"https:\/\/www.mx-avantura.com\/wp-content\/uploads\/2022\/07\/cropped-cropped-mx-avantura-logo.png","width":900,"height":400,"caption":"mx-avantura"},"image":{"@id":"https:\/\/www.mx-avantura.com\/#\/schema\/logo\/image\/"},"sameAs":["https:\/\/de-de.facebook.com\/enduromxavantura\/","https:\/\/x.com\/MxAvantura","https:\/\/www.instagram.com\/mxavantura\/","https:\/\/www.youtube.com\/c\/Mx-avantura"]}]}},"_links":{"self":[{"href":"https:\/\/www.mx-avantura.com\/en\/wp-json\/wp\/v2\/pages\/716","targetHints":{"allow":["GET"]}}],"collection":[{"href":"https:\/\/www.mx-avantura.com\/en\/wp-json\/wp\/v2\/pages"}],"about":[{"href":"https:\/\/www.mx-avantura.com\/en\/wp-json\/wp\/v2\/types\/page"}],"author":[{"embeddable":true,"href":"https:\/\/www.mx-avantura.com\/en\/wp-json\/wp\/v2\/users\/1"}],"replies":[{"embeddable":true,"href":"https:\/\/www.mx-avantura.com\/en\/wp-json\/wp\/v2\/comments?post=716"}],"version-history":[{"count":4,"href":"https:\/\/www.mx-avantura.com\/en\/wp-json\/wp\/v2\/pages\/716\/revisions"}],"predecessor-version":[{"id":832,"href":"https:\/\/www.mx-avantura.com\/en\/wp-json\/wp\/v2\/pages\/716\/revisions\/832"}],"wp:attachment":[{"href":"https:\/\/www.mx-avantura.com\/en\/wp-json\/wp\/v2\/media?parent=716"}],"curies":[{"name":"wp","href":"https:\/\/api.w.org\/{rel}","templated":true}]}}